{"id":25517,"date":"2018-12-06T12:49:02","date_gmt":"2018-12-06T09:49:02","guid":{"rendered":"http:\/\/sapeproject.com\/index.php\/proje-hakkinda\/"},"modified":"2024-05-30T01:13:05","modified_gmt":"2024-05-29T22:13:05","slug":"proje-hakkinda","status":"publish","type":"page","link":"https:\/\/sapeproject.com\/tr\/index.php\/proje-hakkinda\/","title":{"rendered":"Proje Hakk\u0131nda"},"content":{"rendered":"\t\t<div data-elementor-type=\"wp-post\" data-elementor-id=\"25517\" class=\"elementor elementor-25517 elementor-158\">\n\t\t\t\t\t\t<section class=\"elementor-section elementor-top-section elementor-element elementor-element-9690a79 elementor-section-boxed elementor-section-height-default elementor-section-height-default\" data-id=\"9690a79\" data-element_type=\"section\" data-settings=\"{&quot;background_background&quot;:&quot;gradient&quot;}\">\n\t\t\t\t\t\t<div class=\"elementor-container elementor-column-gap-default\">\n\t\t\t\t\t<div class=\"elementor-column elementor-col-100 elementor-top-column elementor-element elementor-element-69d31e9\" data-id=\"69d31e9\" data-element_type=\"column\">\n\t\t\t<div class=\"elementor-widget-wrap elementor-element-populated\">\n\t\t\t\t\t\t<div class=\"elementor-element elementor-element-b3f3576 elementor-widget elementor-widget-image-box\" data-id=\"b3f3576\" data-element_type=\"widget\" data-widget_type=\"image-box.default\">\n\t\t\t\t<div class=\"elementor-widget-container\">\n\t\t\t<style>\/*! elementor - v3.23.0 - 05-08-2024 *\/\n.elementor-widget-image-box .elementor-image-box-content{width:100%}@media (min-width:768px){.elementor-widget-image-box.elementor-position-left .elementor-image-box-wrapper,.elementor-widget-image-box.elementor-position-right .elementor-image-box-wrapper{display:flex}.elementor-widget-image-box.elementor-position-right .elementor-image-box-wrapper{text-align:end;flex-direction:row-reverse}.elementor-widget-image-box.elementor-position-left .elementor-image-box-wrapper{text-align:start;flex-direction:row}.elementor-widget-image-box.elementor-position-top .elementor-image-box-img{margin:auto}.elementor-widget-image-box.elementor-vertical-align-top .elementor-image-box-wrapper{align-items:flex-start}.elementor-widget-image-box.elementor-vertical-align-middle .elementor-image-box-wrapper{align-items:center}.elementor-widget-image-box.elementor-vertical-align-bottom .elementor-image-box-wrapper{align-items:flex-end}}@media (max-width:767px){.elementor-widget-image-box .elementor-image-box-img{margin-left:auto!important;margin-right:auto!important;margin-bottom:15px}}.elementor-widget-image-box .elementor-image-box-img{display:inline-block}.elementor-widget-image-box .elementor-image-box-title a{color:inherit}.elementor-widget-image-box .elementor-image-box-wrapper{text-align:center}.elementor-widget-image-box .elementor-image-box-description{margin:0}<\/style><div class=\"elementor-image-box-wrapper\"><div class=\"elementor-image-box-content\"><h1 class=\"elementor-image-box-title\">Proje Hakk\u0131nda<\/h1><\/div><\/div>\t\t<\/div>\n\t\t\t\t<\/div>\n\t\t\t\t\t<\/div>\n\t\t<\/div>\n\t\t\t\t\t<\/div>\n\t\t<\/section>\n\t\t\t\t<section class=\"elementor-section elementor-top-section elementor-element elementor-element-956eb93 elementor-section-content-middle elementor-section-boxed elementor-section-height-default elementor-section-height-default\" data-id=\"956eb93\" data-element_type=\"section\" data-settings=\"{&quot;background_background&quot;:&quot;classic&quot;,&quot;shape_divider_bottom&quot;:&quot;waves&quot;}\">\n\t\t\t\t\t<div class=\"elementor-shape elementor-shape-bottom\" data-negative=\"false\">\n\t\t\t<svg xmlns=\"http:\/\/www.w3.org\/2000\/svg\" viewBox=\"0 0 1000 100\" preserveAspectRatio=\"none\">\n\t<path class=\"elementor-shape-fill\" d=\"M421.9,6.5c22.6-2.5,51.5,0.4,75.5,5.3c23.6,4.9,70.9,23.5,100.5,35.7c75.8,32.2,133.7,44.5,192.6,49.7\n\tc23.6,2.1,48.7,3.5,103.4-2.5c54.7-6,106.2-25.6,106.2-25.6V0H0v30.3c0,0,72,32.6,158.4,30.5c39.2-0.7,92.8-6.7,134-22.4\n\tc21.2-8.1,52.2-18.2,79.7-24.2C399.3,7.9,411.6,7.5,421.9,6.5z\"\/>\n<\/svg>\t\t<\/div>\n\t\t\t\t\t<div class=\"elementor-container elementor-column-gap-default\">\n\t\t\t\t\t<div class=\"elementor-column elementor-col-50 elementor-top-column elementor-element elementor-element-daf9452\" data-id=\"daf9452\" data-element_type=\"column\">\n\t\t\t<div class=\"elementor-widget-wrap elementor-element-populated\">\n\t\t\t\t\t\t<section class=\"elementor-section elementor-inner-section elementor-element elementor-element-3be01d3 elementor-section-boxed elementor-section-height-default elementor-section-height-default\" data-id=\"3be01d3\" data-element_type=\"section\">\n\t\t\t\t\t\t<div class=\"elementor-container elementor-column-gap-default\">\n\t\t\t\t\t<div class=\"elementor-column elementor-col-50 elementor-inner-column elementor-element elementor-element-404393b\" data-id=\"404393b\" data-element_type=\"column\">\n\t\t\t<div class=\"elementor-widget-wrap elementor-element-populated\">\n\t\t\t\t\t\t<div class=\"elementor-element elementor-element-210d6e1 elementor-widget elementor-widget-image\" data-id=\"210d6e1\" data-element_type=\"widget\" data-widget_type=\"image.default\">\n\t\t\t\t<div class=\"elementor-widget-container\">\n\t\t\t<style>\/*! elementor - v3.23.0 - 05-08-2024 *\/\n.elementor-widget-image{text-align:center}.elementor-widget-image a{display:inline-block}.elementor-widget-image a img[src$=\".svg\"]{width:48px}.elementor-widget-image img{vertical-align:middle;display:inline-block}<\/style>\t\t\t\t\t\t\t<figure class=\"wp-caption\">\n\t\t\t\t\t\t\t\t\t\t<img fetchpriority=\"high\" decoding=\"async\" width=\"768\" height=\"1024\" src=\"https:\/\/sapeproject.com\/wp-content\/uploads\/2024\/05\/ecdb721f-8090-4264-bd43-a9a0f50aee36-768x1024.jpg\" class=\"attachment-large size-large wp-image-25394\" alt=\"\" srcset=\"https:\/\/sapeproject.com\/wp-content\/uploads\/2024\/05\/ecdb721f-8090-4264-bd43-a9a0f50aee36-768x1024.jpg 768w, https:\/\/sapeproject.com\/wp-content\/uploads\/2024\/05\/ecdb721f-8090-4264-bd43-a9a0f50aee36-225x300.jpg 225w, https:\/\/sapeproject.com\/wp-content\/uploads\/2024\/05\/ecdb721f-8090-4264-bd43-a9a0f50aee36-1152x1536.jpg 1152w, https:\/\/sapeproject.com\/wp-content\/uploads\/2024\/05\/ecdb721f-8090-4264-bd43-a9a0f50aee36-600x800.jpg 600w, https:\/\/sapeproject.com\/wp-content\/uploads\/2024\/05\/ecdb721f-8090-4264-bd43-a9a0f50aee36.jpg 1200w\" sizes=\"(max-width: 768px) 100vw, 768px\" \/>\t\t\t\t\t\t\t\t\t\t\t<figcaption class=\"widget-image-caption wp-caption-text\"><\/figcaption>\n\t\t\t\t\t\t\t\t\t\t<\/figure>\n\t\t\t\t\t\t\t<\/div>\n\t\t\t\t<\/div>\n\t\t\t\t\t<\/div>\n\t\t<\/div>\n\t\t\t\t<div class=\"elementor-column elementor-col-50 elementor-inner-column elementor-element elementor-element-6d01d02\" data-id=\"6d01d02\" data-element_type=\"column\">\n\t\t\t<div class=\"elementor-widget-wrap elementor-element-populated\">\n\t\t\t\t\t\t<div class=\"elementor-element elementor-element-2278390 elementor-widget elementor-widget-image\" data-id=\"2278390\" data-element_type=\"widget\" data-widget_type=\"image.default\">\n\t\t\t\t<div class=\"elementor-widget-container\">\n\t\t\t\t\t\t\t\t\t\t<figure class=\"wp-caption\">\n\t\t\t\t\t\t\t\t\t\t<img decoding=\"async\" width=\"1024\" height=\"768\" src=\"https:\/\/sapeproject.com\/wp-content\/uploads\/2024\/05\/IMG-20230523-WA0009-1024x768.jpg\" class=\"attachment-large size-large wp-image-25398\" alt=\"\" srcset=\"https:\/\/sapeproject.com\/wp-content\/uploads\/2024\/05\/IMG-20230523-WA0009-1024x768.jpg 1024w, https:\/\/sapeproject.com\/wp-content\/uploads\/2024\/05\/IMG-20230523-WA0009-300x225.jpg 300w, https:\/\/sapeproject.com\/wp-content\/uploads\/2024\/05\/IMG-20230523-WA0009-768x576.jpg 768w, https:\/\/sapeproject.com\/wp-content\/uploads\/2024\/05\/IMG-20230523-WA0009-1536x1152.jpg 1536w, https:\/\/sapeproject.com\/wp-content\/uploads\/2024\/05\/IMG-20230523-WA0009-600x450.jpg 600w, https:\/\/sapeproject.com\/wp-content\/uploads\/2024\/05\/IMG-20230523-WA0009.jpg 1600w\" sizes=\"(max-width: 1024px) 100vw, 1024px\" \/>\t\t\t\t\t\t\t\t\t\t\t<figcaption class=\"widget-image-caption wp-caption-text\"><\/figcaption>\n\t\t\t\t\t\t\t\t\t\t<\/figure>\n\t\t\t\t\t\t\t<\/div>\n\t\t\t\t<\/div>\n\t\t\t\t\t<\/div>\n\t\t<\/div>\n\t\t\t\t\t<\/div>\n\t\t<\/section>\n\t\t\t\t\t<\/div>\n\t\t<\/div>\n\t\t\t\t<div class=\"elementor-column elementor-col-50 elementor-top-column elementor-element elementor-element-d72c8c8\" data-id=\"d72c8c8\" data-element_type=\"column\" data-settings=\"{&quot;background_background&quot;:&quot;classic&quot;}\">\n\t\t\t<div class=\"elementor-widget-wrap elementor-element-populated\">\n\t\t\t\t\t\t<div class=\"elementor-element elementor-element-1ee72fb elementor-vertical-align-top elementor-widget elementor-widget-image-box\" data-id=\"1ee72fb\" data-element_type=\"widget\" data-widget_type=\"image-box.default\">\n\t\t\t\t<div class=\"elementor-widget-container\">\n\t\t\t<div class=\"elementor-image-box-wrapper\"><div class=\"elementor-image-box-content\"><h2 class=\"elementor-image-box-title\"><b style=\"font-family: Helvetica; font-size: 11.5px;\">Proje Hakk\u0131ndat&nbsp;<\/b><\/h2><p class=\"elementor-image-box-description\"><p style=\"margin-bottom: 0px; font-style: normal; font-variant-caps: normal; font-stretch: normal; font-size: 13px; line-height: normal; font-family: &quot;Helvetica Neue&quot;; font-size-adjust: none; font-kerning: auto; font-variant-alternates: normal; font-variant-ligatures: normal; font-variant-numeric: normal; font-variant-east-asian: normal; font-variant-position: normal; font-variant-emoji: normal; font-feature-settings: normal; font-optical-sizing: auto; font-variation-settings: normal;\">\"Giri\u015fimcilik Konusunda \u00c7\u0131raklar\u0131n G\u00fc\u00e7lendirilmesi\" ba\u015fl\u0131kl\u0131 proje, Mesleki E\u011fitim ve \u00d6\u011fretimde Erasmus+ \u0130\u015fbirli\u011fi Ortakl\u0131klar\u0131 kapsam\u0131nda bir giri\u015fimdir. M\u00fcte\u015febbis Geli\u015fim Vakf\u0131 (MESVAK) taraf\u0131ndan y\u00f6netilen proje, giri\u015fimcilik becerilerini mesleki e\u011fitim ve \u00f6\u011fretim (VET) sekt\u00f6r\u00fcne a\u015f\u0131lamay\u0131 ama\u00e7l\u0131yor. Temel ama\u00e7, \u00e7\u0131raklar aras\u0131nda giri\u015fimci bir zihniyet geli\u015ftirmek ve onlar\u0131 kendi giri\u015fimlerini ba\u015far\u0131l\u0131 bir \u015fekilde ba\u015flatmak ve y\u00f6netmek i\u00e7in gerekli ara\u00e7larla donatmakt\u0131r. Giri\u015fimin MESVAK d\u0131\u015f\u0131nda d\u00f6rt orta\u011f\u0131 da var; CEFE Makedonya, Estonya'dan V\u00f5rumaa Arenduskeskus ve T\u00fcrkiye'den Ankara \u0130l Milli E\u011fitim M\u00fcd\u00fcrl\u00fc\u011f\u00fc.&nbsp;<\/p><\/p><\/div><\/div>\t\t<\/div>\n\t\t\t\t<\/div>\n\t\t\t\t<div class=\"elementor-element elementor-element-3c4b297 elementor-widget elementor-widget-text-editor\" data-id=\"3c4b297\" data-element_type=\"widget\" data-widget_type=\"text-editor.default\">\n\t\t\t\t<div class=\"elementor-widget-container\">\n\t\t\t<style>\/*! elementor - v3.23.0 - 05-08-2024 *\/\n.elementor-widget-text-editor.elementor-drop-cap-view-stacked .elementor-drop-cap{background-color:#69727d;color:#fff}.elementor-widget-text-editor.elementor-drop-cap-view-framed .elementor-drop-cap{color:#69727d;border:3px solid;background-color:transparent}.elementor-widget-text-editor:not(.elementor-drop-cap-view-default) .elementor-drop-cap{margin-top:8px}.elementor-widget-text-editor:not(.elementor-drop-cap-view-default) .elementor-drop-cap-letter{width:1em;height:1em}.elementor-widget-text-editor .elementor-drop-cap{float:left;text-align:center;line-height:1;font-size:50px}.elementor-widget-text-editor .elementor-drop-cap-letter{display:inline-block}<\/style>\t\t\t\t<p style=\"margin-bottom: 0px; font-style: normal; font-variant-caps: normal; font-stretch: normal; font-size: 13px; line-height: normal; font-family: 'Helvetica Neue'; font-size-adjust: none; font-kerning: auto; font-variant-alternates: normal; font-variant-ligatures: normal; font-variant-numeric: normal; font-variant-east-asian: normal; font-variant-position: normal; font-variant-emoji: normal; font-feature-settings: normal; font-optical-sizing: auto; font-variation-settings: normal;\">Bu giri\u015fim, t\u00fcm ortaklar\u0131n proje hedeflerini tam olarak anlamalar\u0131n\u0131 ve ortak bir temel \u00fczerinde \u00e7al\u0131\u015fmaya ba\u015flayabilmelerini sa\u011flamak i\u00e7in bir dizi haz\u0131rl\u0131k toplant\u0131s\u0131 ve sunumla ba\u015flad\u0131. Proje faaliyetleri aras\u0131nda giri\u015fimcilik becerilerine odaklanan e\u011fitim mod\u00fcllerinin geli\u015ftirilmesi, esnek \u00f6\u011frenmeye y\u00f6nelik e-\u00f6\u011frenme mod\u00fcllerinin olu\u015fturulmas\u0131 ve uygulanmas\u0131 ve sa\u011flanan e\u011fitimin etkisini de\u011ferlendirmek \u00fczere tasarlanm\u0131\u015f \u00c7\u0131raklar i\u00e7in Giri\u015fimcilik \u00d6l\u00e7e\u011finin olu\u015fturulmas\u0131 yer almaktad\u0131r.\r\nBu projenin \u00f6nemli bir y\u00f6n\u00fc, farkl\u0131 \u00fclkelerden \u00e7ok say\u0131da orta\u011f\u0131n dahil oldu\u011fu uluslararas\u0131 i\u015fbirli\u011fidir. Bu a\u011f, \u00e7e\u015fitli bak\u0131\u015f a\u00e7\u0131lar\u0131 ve uzmanl\u0131klar getirerek, e\u011fitim mod\u00fcllerinin geli\u015ftirilmesini ve sunulmas\u0131n\u0131 geli\u015ftirerek projeyi zenginle\u015ftirir. Her ortak, m\u00fcfredat geli\u015ftirmeden e-\u00f6\u011frenme stratejilerine kadar projeye farkl\u0131 de\u011ferler kat\u0131yor ve bunlar toplu olarak temel i\u015f becerilerini geli\u015ftirmek i\u00e7in tasarlanm\u0131\u015f sa\u011flam bir programa katk\u0131da bulunuyor.\r\nProje ilerledik\u00e7e, ilerlemeyi g\u00f6zden ge\u00e7irmek, en iyi uygulamalar\u0131 payla\u015fmak ve geri bildirim ve geli\u015fen ihtiya\u00e7lara g\u00f6re mod\u00fclleri ve e\u011fitim yakla\u015f\u0131mlar\u0131n\u0131 geli\u015ftirmek i\u00e7in farkl\u0131 \u00fclkelerde \u00e7e\u015fitli toplant\u0131lar ve e\u011fitim oturumlar\u0131 d\u00fczenlendi. Ek olarak proje, e\u011fitimin g\u00fcncel ve uygulanabilir kalmas\u0131n\u0131 sa\u011flamak i\u00e7in mesleki kurumlara ziyaretleri ve e\u011fitim uzmanlar\u0131yla g\u00f6r\u00fc\u015fmeleri de i\u00e7eriyor.<\/p>\t\t\t\t\t\t<\/div>\n\t\t\t\t<\/div>\n\t\t\t\t\t<\/div>\n\t\t<\/div>\n\t\t\t\t\t<\/div>\n\t\t<\/section>\n\t\t<div class=\"elementor-element elementor-element-5d407cd e-flex e-con-boxed e-con e-parent\" data-id=\"5d407cd\" data-element_type=\"container\">\n\t\t\t\t\t<div class=\"e-con-inner\">\n\t\t<div class=\"elementor-element elementor-element-0b21c13 e-con-full e-flex e-con e-child\" data-id=\"0b21c13\" data-element_type=\"container\">\n\t\t\t\t<div class=\"elementor-element elementor-element-fccea58 elementor-widget elementor-widget-image\" data-id=\"fccea58\" data-element_type=\"widget\" data-widget_type=\"image.default\">\n\t\t\t\t<div class=\"elementor-widget-container\">\n\t\t\t\t\t\t\t\t\t\t\t\t\t<img decoding=\"async\" width=\"1024\" height=\"576\" src=\"https:\/\/sapeproject.com\/wp-content\/uploads\/2024\/05\/IMG-20230523-WA0019-1024x576.jpg\" class=\"attachment-large size-large wp-image-25402\" alt=\"\" srcset=\"https:\/\/sapeproject.com\/wp-content\/uploads\/2024\/05\/IMG-20230523-WA0019-1024x576.jpg 1024w, https:\/\/sapeproject.com\/wp-content\/uploads\/2024\/05\/IMG-20230523-WA0019-300x169.jpg 300w, https:\/\/sapeproject.com\/wp-content\/uploads\/2024\/05\/IMG-20230523-WA0019-768x432.jpg 768w, https:\/\/sapeproject.com\/wp-content\/uploads\/2024\/05\/IMG-20230523-WA0019-1536x864.jpg 1536w, https:\/\/sapeproject.com\/wp-content\/uploads\/2024\/05\/IMG-20230523-WA0019-600x338.jpg 600w, https:\/\/sapeproject.com\/wp-content\/uploads\/2024\/05\/IMG-20230523-WA0019.jpg 2016w\" sizes=\"(max-width: 1024px) 100vw, 1024px\" \/>\t\t\t\t\t\t\t\t\t\t\t\t\t<\/div>\n\t\t\t\t<\/div>\n\t\t\t\t<\/div>\n\t\t<div class=\"elementor-element elementor-element-40929e0 e-con-full e-flex e-con e-child\" data-id=\"40929e0\" data-element_type=\"container\">\n\t\t\t\t<div class=\"elementor-element elementor-element-268e839 elementor-widget elementor-widget-image\" data-id=\"268e839\" data-element_type=\"widget\" data-widget_type=\"image.default\">\n\t\t\t\t<div class=\"elementor-widget-container\">\n\t\t\t\t\t\t\t\t\t\t\t\t\t<img loading=\"lazy\" decoding=\"async\" width=\"1024\" height=\"614\" src=\"https:\/\/sapeproject.com\/wp-content\/uploads\/2024\/05\/PHOTO-2024-04-19-22-38-26-1024x614.jpg\" class=\"attachment-large size-large wp-image-25406\" alt=\"\" srcset=\"https:\/\/sapeproject.com\/wp-content\/uploads\/2024\/05\/PHOTO-2024-04-19-22-38-26-1024x614.jpg 1024w, https:\/\/sapeproject.com\/wp-content\/uploads\/2024\/05\/PHOTO-2024-04-19-22-38-26-300x180.jpg 300w, https:\/\/sapeproject.com\/wp-content\/uploads\/2024\/05\/PHOTO-2024-04-19-22-38-26-768x460.jpg 768w, https:\/\/sapeproject.com\/wp-content\/uploads\/2024\/05\/PHOTO-2024-04-19-22-38-26-600x360.jpg 600w, https:\/\/sapeproject.com\/wp-content\/uploads\/2024\/05\/PHOTO-2024-04-19-22-38-26.jpg 1251w\" sizes=\"(max-width: 1024px) 100vw, 1024px\" \/>\t\t\t\t\t\t\t\t\t\t\t\t\t<\/div>\n\t\t\t\t<\/div>\n\t\t\t\t<\/div>\n\t\t\t\t\t<\/div>\n\t\t\t\t<\/div>\n\t\t\t\t<\/div>\n\t\t","protected":false},"excerpt":{"rendered":"<p>Proje Hakk\u0131nda Proje Hakk\u0131ndat&nbsp; &#8220;Giri\u015fimcilik Konusunda \u00c7\u0131raklar\u0131n G\u00fc\u00e7lendirilmesi&#8221; ba\u015fl\u0131kl\u0131 proje, Mesleki E\u011fitim ve \u00d6\u011fretimde Erasmus+ \u0130\u015fbirli\u011fi Ortakl\u0131klar\u0131 kapsam\u0131nda bir giri\u015fimdir. M\u00fcte\u015febbis Geli\u015fim Vakf\u0131 (MESVAK) taraf\u0131ndan y\u00f6netilen proje, giri\u015fimcilik becerilerini mesleki e\u011fitim ve \u00f6\u011fretim (VET) sekt\u00f6r\u00fcne a\u015f\u0131lamay\u0131 ama\u00e7l\u0131yor. Temel ama\u00e7, \u00e7\u0131raklar aras\u0131nda giri\u015fimci bir zihniyet geli\u015ftirmek ve onlar\u0131 kendi giri\u015fimlerini ba\u015far\u0131l\u0131 bir \u015fekilde ba\u015flatmak ve y\u00f6netmek [&hellip;]<\/p>\n","protected":false},"author":2,"featured_media":0,"parent":0,"menu_order":0,"comment_status":"closed","ping_status":"closed","template":"","meta":{"site-sidebar-layout":"no-sidebar","site-content-layout":"page-builder","ast-site-content-layout":"full-width-container","site-content-style":"unboxed","site-sidebar-style":"unboxed","ast-global-header-display":"","ast-banner-title-visibility":"","ast-main-header-display":"","ast-hfb-above-header-display":"","ast-hfb-below-header-display":"","ast-hfb-mobile-header-display":"","site-post-title":"disabled","ast-breadcrumbs-content":"","ast-featured-img":"disabled","footer-sml-layout":"","theme-transparent-header-meta":"enabled","adv-header-id-meta":"","stick-header-meta":"","header-above-stick-meta":"","header-main-stick-meta":"","header-below-stick-meta":"","astra-migrate-meta-layouts":"default","ast-page-background-enabled":"default","ast-page-background-meta":{"desktop":{"background-color":"","background-image":"","background-repeat":"repeat","background-position":"center center","background-size":"auto","background-attachment":"scroll","background-type":"","background-media":"","overlay-type":"","overlay-color":"","overlay-opacity":"","overlay-gradient":""},"tablet":{"background-color":"","background-image":"","background-repeat":"repeat","background-position":"center center","background-size":"auto","background-attachment":"scroll","background-type":"","background-media":"","overlay-type":"","overlay-color":"","overlay-opacity":"","overlay-gradient":""},"mobile":{"background-color":"","background-image":"","background-repeat":"repeat","background-position":"center center","background-size":"auto","background-attachment":"scroll","background-type":"","background-media":"","overlay-type":"","overlay-color":"","overlay-opacity":"","overlay-gradient":""}},"ast-content-background-meta":{"desktop":{"background-color":"var(--ast-global-color-5)","background-image":"","background-repeat":"repeat","background-position":"center center","background-size":"auto","background-attachment":"scroll","background-type":"","background-media":"","overlay-type":"","overlay-color":"","overlay-opacity":"","overlay-gradient":""},"tablet":{"background-color":"var(--ast-global-color-5)","background-image":"","background-repeat":"repeat","background-position":"center center","background-size":"auto","background-attachment":"scroll","background-type":"","background-media":"","overlay-type":"","overlay-color":"","overlay-opacity":"","overlay-gradient":""},"mobile":{"background-color":"var(--ast-global-color-5)","background-image":"","background-repeat":"repeat","background-position":"center center","background-size":"auto","background-attachment":"scroll","background-type":"","background-media":"","overlay-type":"","overlay-color":"","overlay-opacity":"","overlay-gradient":""}},"footnotes":""},"class_list":["post-25517","page","type-page","status-publish","hentry"],"aioseo_notices":[],"_links":{"self":[{"href":"https:\/\/sapeproject.com\/tr\/index.php\/wp-json\/wp\/v2\/pages\/25517","targetHints":{"allow":["GET"]}}],"collection":[{"href":"https:\/\/sapeproject.com\/tr\/index.php\/wp-json\/wp\/v2\/pages"}],"about":[{"href":"https:\/\/sapeproject.com\/tr\/index.php\/wp-json\/wp\/v2\/types\/page"}],"author":[{"embeddable":true,"href":"https:\/\/sapeproject.com\/tr\/index.php\/wp-json\/wp\/v2\/users\/2"}],"replies":[{"embeddable":true,"href":"https:\/\/sapeproject.com\/tr\/index.php\/wp-json\/wp\/v2\/comments?post=25517"}],"version-history":[{"count":2,"href":"https:\/\/sapeproject.com\/tr\/index.php\/wp-json\/wp\/v2\/pages\/25517\/revisions"}],"predecessor-version":[{"id":25536,"href":"https:\/\/sapeproject.com\/tr\/index.php\/wp-json\/wp\/v2\/pages\/25517\/revisions\/25536"}],"wp:attachment":[{"href":"https:\/\/sapeproject.com\/tr\/index.php\/wp-json\/wp\/v2\/media?parent=25517"}],"curies":[{"name":"wp","href":"https:\/\/api.w.org\/{rel}","templated":true}]}}